{"id":3162,"date":"2020-01-18T15:29:26","date_gmt":"2020-01-18T14:29:26","guid":{"rendered":"https:\/\/www.irfom.it\/site\/cookie-policy\/"},"modified":"2020-01-18T18:12:05","modified_gmt":"2020-01-18T17:12:05","slug":"informativa-privacy-e-trattamento-dei-dati-personali","status":"publish","type":"page","link":"https:\/\/www.irfom.it\/site\/informativa-privacy-e-trattamento-dei-dati-personali\/","title":{"rendered":"Informativa Privacy e Trattamento dei Dati Personali"},"content":{"rendered":"<h3><img loading=\"lazy\" decoding=\"async\" class=\"alignnone wp-image-3165 size-full\" src=\"https:\/\/www.irfom.it\/site\/wp-content\/uploads\/2020\/01\/gdpr-irfom.jpg\" alt=\"\" width=\"1200\" height=\"547\" srcset=\"https:\/\/www.irfom.it\/site\/wp-content\/uploads\/2020\/01\/gdpr-irfom.jpg 1200w, https:\/\/www.irfom.it\/site\/wp-content\/uploads\/2020\/01\/gdpr-irfom-300x137.jpg 300w, https:\/\/www.irfom.it\/site\/wp-content\/uploads\/2020\/01\/gdpr-irfom-1024x467.jpg 1024w, https:\/\/www.irfom.it\/site\/wp-content\/uploads\/2020\/01\/gdpr-irfom-768x350.jpg 768w\" sizes=\"auto, (max-width: 1200px) 100vw, 1200px\" \/><\/h3>\n<h3>Informativa Privacy e Trattamento dei Dati Personali<\/h3>\n<p>La redazione del sito <strong>irfom.it<\/strong>, consapevole dell&#8217;importanza della salvaguardia della privacy e dei dati personali, s&#8217;impegna a trattare i dati esclusivamente per le finalit\u00e0 e secondo le modalit\u00e0 illustrate in questa informativa ed in quelle presentate all&#8217;utente di volta in volta all&#8217;accesso di una sezione del portale nella quale \u00e8 previsto il conferimento, diretto o indiretto, di dati personali.<\/p>\n<p>In attuazione del <strong>Regolamento Generale sulla Protezione dei Dati [GDPR (UE) 2016\/679] conosciuto anche come GDPR &#8211; General Data Protection Regulation<\/strong>, pienamente applicato a partire dal 25 maggio 2018, di seguito saranno elencate le nostre linee guida per il Trattamento e la Conservazione dei Dati Personal, i nominativi dei Titolari del Trattamento, i diritti che hai rispetto ai tuoi Dati Personali in nostro possesso, il loro utilizzo da parte nostra e un approfondimento legato ai Cookies.<\/p>\n<h4>Link Utili (dal sito <a href=\"\/\/www.garanteprivacy.it\" target=\"_blank\" rel=\"noopener noreferrer\">www.garanteprivacy.it<\/a>)<\/h4>\n<ul>\n<li>Scarica il <a href=\"https:\/\/www.garanteprivacy.it\/documents\/10160\/0\/Regolamento+UE+2016+679.+Con+riferimenti+ai+considerando\" target=\"_blank\" rel=\"noopener noreferrer\">GDPR<\/a><\/li>\n<li>Leggi la <a href=\"\/\/www.garanteprivacy.it\/regolamentoue\/guida-all-applicazione-del-regolamento-europeo-in-materia-di-protezione-dei-dati-personali\" target=\"_blank\" rel=\"noopener noreferrer\">Guida al GDPR<\/a><\/li>\n<\/ul>\n<h4>Titolari del Trattamento dei Dati Personali<\/h4>\n<p><strong>Giuseppe Mauriello<\/strong><br \/>\nContatti: <a href=\"mailto:info@irfom.it\">info@irfom.it<\/a><\/p>\n<h4>Base giuridica del trattamento<\/h4>\n<p>Il sito <strong>irfom.it<\/strong> tratta i dati personali nell&#8217;esclusivo svolgimento dei propri compiti e delle proprie competenze di servizio informativo erogato.<\/p>\n<h4>Tipi di dati trattati e finalit\u00e0 del trattamento<\/h4>\n<p>I sistemi informatici e le procedure software necessari al funzionamento del portale acquisiscono alcuni dati personali la cui trasmissione \u00e8 implicita nell&#8217;uso dei protocolli di comunicazione di Internet. Si specifica che in nessun caso, i dati personali vengono ceduti o venduti ad altri soggetti terzi per attivit\u00e0 di marketing e commerciali.<\/p>\n<ul>\n<li><strong>Dati di navigazione.<\/strong> In questa categoria di dati rientrano gli indirizzi IP o i nomi a dominio dei computer e dei terminali utilizzati dagli utenti, gli indirizzi URI\/URL (Uniform Resource Identifier\/Locator) delle risorse richieste, l&#8217;orario della richiesta, il metodo utilizzato nel sottoporre la richiesta al server, la dimensione del file ottenuto in risposta, il codice numerico che indica lo stato della risposta data dal server (buon fine, errore, ecc.), altri parametri relativi al sistema operativo e all&#8217;ambiente informatico dell&#8217;utente.<br \/>\nQuesti dati, necessari per la fruizione dei servizi web, vengono trattati anche allo scopo di ottenere informazioni statistiche sull&#8217;uso dei servizi (pagine pi\u00f9 visitate, numero di visitatori per fascia oraria o giornaliera, ecc.), controllare il corretto funzionamento dei servizi.<\/li>\n<li><strong>Dati comunicati dall&#8217;utente.<\/strong> L&#8217;invio facoltativo, esplicito e volontario di messaggi agli indirizzi di contatto del ministero pubblicati sul portale, nonch\u00e9 la compilazione e l&#8217;inoltro dei moduli presenti sul portale, comportano l&#8217;acquisizione dei dati di contatto del mittente, necessari a rispondere, e dei dati personali inclusi nelle comunicazioni. In particolare, il portale utilizza un <strong>sistema di codificazione con tecnologia SSL (Secure Sockets Layer) a 128 Bit<\/strong>, che garantisce protezione mediante la crittografia delle informazioni inserite.<\/li>\n<\/ul>\n<h4>Diritti degli interessati<\/h4>\n<p>Gli interessati hanno il diritto di ottenere dal sito <strong>irfom.it<\/strong>, nei casi previsti dal Regolamento, l&#8217;accesso ai propri dati personali, la rettifica o la cancellazione degli stessi o la limitazione del trattamento che li riguarda, o di opporsi al trattamento, secondo quanto previsto dagli articoli 15-22 del regolamento. Le relative istanze vanno presentate inoltrandole al Titolare del trattamento dei dati.<\/p>\n<h4>Comunicazione di violazione dei dati personali<\/h4>\n<p>Quando l&#8217;eventuale violazione di dati personali pu\u00f2 comportare un rischio elevato per i diritti e le libert\u00e0 delle persone fisiche, la violazione \u00e8 comunicata all&#8217;interessato senza giustificato ritardo, secondo quanto prevede l&#8217;articolo 34 del Regolamento.<\/p>\n<h4>Diritto di reclamo<\/h4>\n<p>Gli interessati che ritengono che il trattamento di propri dati personali effettuato a seguito della consultazione del portale sia in violazione di quanto previsto dal Regolamento hanno il diritto di proporre reclamo al Garante per la protezione dei dati personali, in veste di autorit\u00e0 di controllo nazionale (articolo 77), o ricorrere in sede giudiziaria (articolo 79).<\/p>\n<h3>Informativa sui Cookie<\/h3>\n<h4>Che cosa sono i cookie?<\/h4>\n<p>Un cookie \u00e8 un piccolo insieme di dati che viene inviato dal server web al browser dell&#8217;utente e memorizzato dal browser sul dispositivo dell&#8217;utente (computer, tablet, telefono cellulare, o altri), pu\u00f2 essere letto o successivamente recuperato dal server stesso. Permette al portale web di memorizzare alcune informazioni utili all&#8217;interno di una sessione o nei successivi accessi che l&#8217;utente effettua.<\/p>\n<h4>Scopo e tipologia di cookie utilizzati nel sito.<\/h4>\n<p>I cookie vengono utilizzati per migliorare il sito e per fornire servizi e funzionalit\u00e0 agli utenti. \u00c8 possibile limitare o disattivare l&#8217;utilizzo dei cookie tramite il proprio browser web. Tuttavia, in questo caso, alcune funzionalit\u00e0 (anche di terze parti) potrebbero diventare inaccessibili.<\/p>\n<p>Nella fattispecie, distinguiamo:<\/p>\n<ul>\n<li><strong>Cookie tecnici<\/strong>, cio\u00e8 utilizzati al solo fine di &#8216;effettuare la trasmissione di una comunicazione su una rete di comunicazione elettronica, o nella misura strettamente necessaria al fornitore di un servizio della societ\u00e0 dell&#8217;informazione esplicitamente richiesto dall&#8217;abbonato o dall&#8217;utente a erogare tale servizio&#8217; (cfr. art. 122, comma 1, del Codice Privacy). Non vengono utilizzati per scopi ulteriori e sono normalmente installati direttamente dal titolare o gestore del sito web. Possono essere suddivisi in:\n<ul>\n<li><strong>Cookie di navigazione<\/strong>, utilizzati per registrare dati utili alla normale navigazione e fruizione del sito sul computer dell&#8217;utente (permettendo, ad esempio, di ricordare la dimensione preferita della pagina in un elenco). Tali cookie possono essere poi distinti in ragione della loro persistenza sul computer dell&#8217;utente in:\n<ul>\n<li>cookie di sessione, quelli che si cancellano automaticamente alla fine di ogni navigazione;<\/li>\n<li>cookie permanenti, quelli che hanno una vita pi\u00f9 lunga.<\/li>\n<\/ul>\n<\/li>\n<li><strong>Cookie funzionali<\/strong>, che consentono al portale di ricordare le scelte effettuate dall&#8217;utente per ottimizzare le funzionalit\u00e0 (di consultazione o di accesso, ad esempio).<\/li>\n<\/ul>\n<\/li>\n<li><strong>Cookie di terze parti<\/strong>, prodotti da servizi di terze parti ospitati nel portale (ad esempio, per la condivisione ed il tracciamento dei contenuti) e qui di seguito elencate. Il soggetto terzo fornisce questi servizi in cambio di informazioni in merito alla visita dell&#8217;utente al portale. Ne discende, anche per i fornitori terzi di cookie, l&#8217;obbligo di rispettare la normativa in materia. Per tale motivo rimandiamo ai link delle pagine web dei siti delle terze parti, nelle quali l&#8217;utente potr\u00e0 trovare i moduli di raccolta del consenso ai cookie e le loro relative informative. Qualora i servizi fossero forniti da contatti indiretti con le terze parti, l&#8217;utente dovr\u00e0 consultare i siti dei soggetti che fanno da intermediari tra noi e le stesse terze parti:\n<ul>\n<li><strong>Google Analytics<\/strong>, per il tracciamento e l&#8217;analisi del comportamento degli utenti online per quanto riguarda tempi, ubicazione geografica e preferenze, al fine di migliorare contenuti e target.<br \/>\nPrivacy Policy: <a href=\"\/\/www.google.it\/intl\/it\/policies\/privacy\/\" target=\"_blank\" rel=\"noopener noreferrer\">www.google.it\/intl\/it\/policies\/privacy\/<\/a><\/li>\n<li><strong>YouTube<\/strong>, per la fruzione dei video.<br \/>\nPrivacy Policy: <a href=\"\/\/www.google.it\/intl\/it\/policies\/privacy\/\" target=\"_blank\" rel=\"noopener noreferrer\">www.google.it\/intl\/it\/policies\/privacy\/<\/a><\/li>\n<li><strong>Pulsanti &#8216;ShareThis&#8217; e widget sociali di ShareThis (Sharethis Inc)<\/strong>, per la condivisione verso i maggiori social network. Tali servizi possono utilizzare &#8216;cookies&#8217; generati direttamente dai server di ShareThis Inc e suoi partner; in qualit\u00e0 di editore non siamo in grado di fornire un&#8217;informativa adeguata, per tanto si consiglia di visitare il seguente link per ragguagli sull&#8217;uso dei cookie da parte del provider\/concessionario del servizio..<br \/>\nPrivacy Policy: <a href=\"\/\/www.sharethis.com\/legal\/privacy\/#sthash.oNiQUPLd.dpbs\" target=\"_blank\" rel=\"noopener noreferrer\">www.sharethis.com\/legal\/privacy\/#sthash.oNiQUPLd.dpbs<\/a> (in lingua inglese)<\/li>\n<\/ul>\n<\/li>\n<\/ul>\n<h4>Come si disattivano o si rimuovono i cookie?<\/h4>\n<p>La maggior parte dei browser accetta i cookies automaticamente, ma \u00e8 possibile impostare il browser affinch\u00e9 non vengano accettati, automaticamente o dietro richiesta. Sconsigliamo tale disattivazione in quanto la normale navigazione potrebbe essere compromessa e alcune o tutte le funzionalit\u00e0 di alcuni siti potrebbero non essere disponibili. Se non desiderate che il vostro computer riceva e memorizzi cookie, potete modificare le impostazioni di sicurezza del vostro browser.<\/p>\n<p>Di seguito, si riportano gli indirizzi alle pagine dei relativi produttori dei browser pi\u00f9 diffusi:<\/p>\n<ul>\n<li>Google Chrome <a href=\"\/\/support.google.com\/accounts\/answer\/61416?hl=it\">support.google.com<\/a><\/li>\n<li>Mozilla Firefox <a href=\"\/\/support.mozilla.org\/it\/kb\/Attivare%20e%20disattivare%20i%20cookie\">support.mozilla.org<\/a><\/li>\n<li>Windows Internet Explorer <a href=\"\/\/windows.microsoft.com\/it-it\/windows7\/block-enable-or-allow-cookies\">windows.microsoft.com<\/a><\/li>\n<li>Apple Safari <a href=\"\/\/support.apple.com\/it-it\/HT201265\">support.apple.com<\/a><\/li>\n<li>Opera <a href=\"\/\/help.opera.com\/Windows\/10.00\/it\/cookies.html\">help.opera.com<\/a><\/li>\n<\/ul>\n","protected":false},"excerpt":{"rendered":"<p>Informativa Privacy e Trattamento dei Dati Personali La redazione del sito irfom.it, consapevole dell&#8217;importanza della salvaguardia della privacy e dei dati personali, s&#8217;impegna a trattare i dati esclusivamente per le finalit\u00e0 e secondo le modalit\u00e0 illustrate in questa informativa ed in quelle presentate all&#8217;utente di volta in volta all&#8217;accesso di una sezione del portale nella [&hellip;]<\/p>\n","protected":false},"author":1,"featured_media":3165,"parent":0,"menu_order":0,"comment_status":"closed","ping_status":"closed","template":"","meta":{"_acf_changed":false,"footnotes":""},"categories":[],"tags":[],"class_list":["post-3162","page","type-page","status-publish","has-post-thumbnail","hentry"],"acf":[],"_links":{"self":[{"href":"https:\/\/www.irfom.it\/site\/wp-json\/wp\/v2\/pages\/3162","targetHints":{"allow":["GET"]}}],"collection":[{"href":"https:\/\/www.irfom.it\/site\/wp-json\/wp\/v2\/pages"}],"about":[{"href":"https:\/\/www.irfom.it\/site\/wp-json\/wp\/v2\/types\/page"}],"author":[{"embeddable":true,"href":"https:\/\/www.irfom.it\/site\/wp-json\/wp\/v2\/users\/1"}],"replies":[{"embeddable":true,"href":"https:\/\/www.irfom.it\/site\/wp-json\/wp\/v2\/comments?post=3162"}],"version-history":[{"count":0,"href":"https:\/\/www.irfom.it\/site\/wp-json\/wp\/v2\/pages\/3162\/revisions"}],"wp:featuredmedia":[{"embeddable":true,"href":"https:\/\/www.irfom.it\/site\/wp-json\/wp\/v2\/media\/3165"}],"wp:attachment":[{"href":"https:\/\/www.irfom.it\/site\/wp-json\/wp\/v2\/media?parent=3162"}],"wp:term":[{"taxonomy":"category","embeddable":true,"href":"https:\/\/www.irfom.it\/site\/wp-json\/wp\/v2\/categories?post=3162"},{"taxonomy":"post_tag","embeddable":true,"href":"https:\/\/www.irfom.it\/site\/wp-json\/wp\/v2\/tags?post=3162"}],"curies":[{"name":"wp","href":"https:\/\/api.w.org\/{rel}","templated":true}]}}